{"id":259,"date":"2015-10-02T14:25:11","date_gmt":"2015-10-02T18:25:11","guid":{"rendered":"https:\/\/rrcworldgroup.com\/?page_id=259"},"modified":"2026-03-27T14:38:19","modified_gmt":"2026-03-27T18:38:19","slug":"contacto","status":"publish","type":"page","link":"https:\/\/rrcworldgroup.com\/?page_id=259&lang=es","title":{"rendered":"Contacto"},"content":{"rendered":"<p>[et_pb_section fb_built=&#8221;1&#8243; fullwidth=&#8221;on&#8221; admin_label=&#8221;section&#8221; _builder_version=&#8221;4.16&#8243; global_colors_info=&#8221;{}&#8221;][et_pb_fullwidth_slider admin_label=&#8221;Fullwidth Slider&#8221; _builder_version=&#8221;4.16&#8243; parallax=&#8221;on&#8221; parallax_method=&#8221;on&#8221; custom_padding=&#8221;|||&#8221; custom_padding_tablet=&#8221;|||&#8221; custom_padding_phone=&#8221;|||&#8221; box_shadow_style=&#8221;preset6&#8243; box_shadow_blur=&#8221;10px&#8221; box_shadow_color=&#8221;rgba(0,0,0,0.1)&#8221; show_inner_shadow=&#8221;on&#8221; global_colors_info=&#8221;{}&#8221; button_text_size__hover_enabled=&#8221;off&#8221; button_one_text_size__hover_enabled=&#8221;off&#8221; button_two_text_size__hover_enabled=&#8221;off&#8221; button_text_color__hover_enabled=&#8221;off&#8221; button_one_text_color__hover_enabled=&#8221;off&#8221; button_two_text_color__hover_enabled=&#8221;off&#8221; button_border_width__hover_enabled=&#8221;off&#8221; button_one_border_width__hover_enabled=&#8221;off&#8221; button_two_border_width__hover_enabled=&#8221;off&#8221; button_border_color__hover_enabled=&#8221;off&#8221; button_one_border_color__hover_enabled=&#8221;off&#8221; button_two_border_color__hover_enabled=&#8221;off&#8221; button_border_radius__hover_enabled=&#8221;off&#8221; button_one_border_radius__hover_enabled=&#8221;off&#8221; button_two_border_radius__hover_enabled=&#8221;off&#8221; button_letter_spacing__hover_enabled=&#8221;off&#8221; button_one_letter_spacing__hover_enabled=&#8221;off&#8221; button_two_letter_spacing__hover_enabled=&#8221;off&#8221; button_bg_color__hover_enabled=&#8221;off&#8221; button_one_bg_color__hover_enabled=&#8221;off&#8221; button_two_bg_color__hover_enabled=&#8221;off&#8221;][et_pb_slide _builder_version=&#8221;4.16&#8243; background_color=&#8221;#ffffff&#8221; background_image=&#8221;https:\/\/rrcworldgroup.com\/wp-content\/uploads\/2015\/10\/header4.jpg&#8221; global_colors_info=&#8221;{}&#8221; button_text_size__hover_enabled=&#8221;off&#8221; button_one_text_size__hover_enabled=&#8221;off&#8221; button_two_text_size__hover_enabled=&#8221;off&#8221; button_text_color__hover_enabled=&#8221;off&#8221; button_one_text_color__hover_enabled=&#8221;off&#8221; button_two_text_color__hover_enabled=&#8221;off&#8221; button_border_width__hover_enabled=&#8221;off&#8221; button_one_border_width__hover_enabled=&#8221;off&#8221; button_two_border_width__hover_enabled=&#8221;off&#8221; button_border_color__hover_enabled=&#8221;off&#8221; button_one_border_color__hover_enabled=&#8221;off&#8221; button_two_border_color__hover_enabled=&#8221;off&#8221; button_border_radius__hover_enabled=&#8221;off&#8221; button_one_border_radius__hover_enabled=&#8221;off&#8221; button_two_border_radius__hover_enabled=&#8221;off&#8221; button_letter_spacing__hover_enabled=&#8221;off&#8221; button_one_letter_spacing__hover_enabled=&#8221;off&#8221; button_two_letter_spacing__hover_enabled=&#8221;off&#8221; button_bg_color__hover_enabled=&#8221;off&#8221; button_one_bg_color__hover_enabled=&#8221;off&#8221; button_two_bg_color__hover_enabled=&#8221;off&#8221; sticky_transition=&#8221;on&#8221;][\/et_pb_slide][\/et_pb_fullwidth_slider][\/et_pb_section][et_pb_section fb_built=&#8221;1&#8243; inner_shadow=&#8221;on&#8221; admin_label=&#8221;section&#8221; _builder_version=&#8221;4.16&#8243; background_color=&#8221;#f2f2f2&#8243; transparent_background=&#8221;off&#8221; global_colors_info=&#8221;{}&#8221;][et_pb_row admin_label=&#8221;row&#8221; _builder_version=&#8221;4.16&#8243; background_size=&#8221;initial&#8221; background_position=&#8221;top_left&#8221; background_repeat=&#8221;repeat&#8221; global_colors_info=&#8221;{}&#8221;][et_pb_column type=&#8221;4_4&#8243; _builder_version=&#8221;4.16&#8243; custom_padding=&#8221;|||&#8221; global_colors_info=&#8221;{}&#8221; custom_padding__hover=&#8221;|||&#8221;][et_pb_text admin_label=&#8221;Text&#8221; _builder_version=&#8221;4.16&#8243; background_size=&#8221;initial&#8221; background_position=&#8221;top_left&#8221; background_repeat=&#8221;repeat&#8221; use_border_color=&#8221;off&#8221; border_color=&#8221;#ffffff&#8221; border_style=&#8221;solid&#8221; global_colors_info=&#8221;{}&#8221;]<\/p>\n<h2>CONTACTE CON NOSOTROS<\/h2>\n<p>&nbsp;<\/p>\n<h5>Si desea contratar nuestros servicios, por favor complete el siguiente formulario y lo atenderemos a la brevedad.<\/h5>\n<p>[\/et_pb_text][\/et_pb_column][\/et_pb_row][\/et_pb_section][et_pb_section fb_built=&#8221;1&#8243; admin_label=&#8221;section&#8221; _builder_version=&#8221;4.16&#8243; global_colors_info=&#8221;{}&#8221;][et_pb_row column_structure=&#8221;1_4,3_4&#8243; admin_label=&#8221;Row&#8221; _builder_version=&#8221;4.16&#8243; background_size=&#8221;initial&#8221; background_position=&#8221;top_left&#8221; background_repeat=&#8221;repeat&#8221; global_colors_info=&#8221;{}&#8221;][et_pb_column type=&#8221;1_4&#8243; _builder_version=&#8221;4.16&#8243; custom_padding=&#8221;|||&#8221; global_colors_info=&#8221;{}&#8221; custom_padding__hover=&#8221;|||&#8221;][et_pb_image src=&#8221;https:\/\/rrcworldgroup.com\/wp-content\/uploads\/2015\/10\/email-e1443801041102.png&#8221; align_tablet=&#8221;center&#8221; align_phone=&#8221;center&#8221; align_last_edited=&#8221;on|desktop&#8221; admin_label=&#8221;Image&#8221; _builder_version=&#8221;4.16&#8243; animation_style=&#8221;slide&#8221; animation_direction=&#8221;left&#8221; animation_duration=&#8221;500ms&#8221; animation_intensity_slide=&#8221;10%&#8221; animation=&#8221;left&#8221; sticky=&#8221;off&#8221; global_colors_info=&#8221;{}&#8221;] [\/et_pb_image][\/et_pb_column][et_pb_column type=&#8221;3_4&#8243; _builder_version=&#8221;4.16&#8243; custom_padding=&#8221;|||&#8221; global_colors_info=&#8221;{}&#8221; custom_padding__hover=&#8221;|||&#8221;][et_pb_contact_form use_spam_service=&#8221;on&#8221; recaptcha_list=&#8221;rrcworldgroupcom|rrcworldgroupcom-0&#8243; email=&#8221;contacto@rrcycia.com&#8221; title=&#8221;CONTACTO&#8221; admin_label=&#8221;Contact Form&#8221; _builder_version=&#8221;4.23.1&#8243; _unique_id=&#8221;b0fc2c17-c403-4404-8820-a893f4d769c7&#8243; border_radii=&#8221;on|0px|0px|0px|0px&#8221; use_border_color=&#8221;off&#8221; border_color=&#8221;#ffffff&#8221; border_style=&#8221;solid&#8221; input_border_radius=&#8221;0&#8243; global_colors_info=&#8221;{}&#8221;][et_pb_contact_field field_id=&#8221;Name&#8221; field_title=&#8221;Name&#8221; _builder_version=&#8221;4.16&#8243; global_colors_info=&#8221;{}&#8221; button_text_size__hover_enabled=&#8221;off&#8221; button_one_text_size__hover_enabled=&#8221;off&#8221; button_two_text_size__hover_enabled=&#8221;off&#8221; button_text_color__hover_enabled=&#8221;off&#8221; button_one_text_color__hover_enabled=&#8221;off&#8221; button_two_text_color__hover_enabled=&#8221;off&#8221; button_border_width__hover_enabled=&#8221;off&#8221; button_one_border_width__hover_enabled=&#8221;off&#8221; button_two_border_width__hover_enabled=&#8221;off&#8221; button_border_color__hover_enabled=&#8221;off&#8221; button_one_border_color__hover_enabled=&#8221;off&#8221; button_two_border_color__hover_enabled=&#8221;off&#8221; button_border_radius__hover_enabled=&#8221;off&#8221; button_one_border_radius__hover_enabled=&#8221;off&#8221; button_two_border_radius__hover_enabled=&#8221;off&#8221; button_letter_spacing__hover_enabled=&#8221;off&#8221; button_one_letter_spacing__hover_enabled=&#8221;off&#8221; button_two_letter_spacing__hover_enabled=&#8221;off&#8221; button_bg_color__hover_enabled=&#8221;off&#8221; button_one_bg_color__hover_enabled=&#8221;off&#8221; button_two_bg_color__hover_enabled=&#8221;off&#8221;][\/et_pb_contact_field][et_pb_contact_field field_id=&#8221;Email&#8221; field_title=&#8221;Email Address&#8221; field_type=&#8221;email&#8221; _builder_version=&#8221;4.16&#8243; global_colors_info=&#8221;{}&#8221; button_text_size__hover_enabled=&#8221;off&#8221; button_one_text_size__hover_enabled=&#8221;off&#8221; button_two_text_size__hover_enabled=&#8221;off&#8221; button_text_color__hover_enabled=&#8221;off&#8221; button_one_text_color__hover_enabled=&#8221;off&#8221; button_two_text_color__hover_enabled=&#8221;off&#8221; button_border_width__hover_enabled=&#8221;off&#8221; button_one_border_width__hover_enabled=&#8221;off&#8221; button_two_border_width__hover_enabled=&#8221;off&#8221; button_border_color__hover_enabled=&#8221;off&#8221; button_one_border_color__hover_enabled=&#8221;off&#8221; button_two_border_color__hover_enabled=&#8221;off&#8221; button_border_radius__hover_enabled=&#8221;off&#8221; button_one_border_radius__hover_enabled=&#8221;off&#8221; button_two_border_radius__hover_enabled=&#8221;off&#8221; button_letter_spacing__hover_enabled=&#8221;off&#8221; button_one_letter_spacing__hover_enabled=&#8221;off&#8221; button_two_letter_spacing__hover_enabled=&#8221;off&#8221; button_bg_color__hover_enabled=&#8221;off&#8221; button_one_bg_color__hover_enabled=&#8221;off&#8221; button_two_bg_color__hover_enabled=&#8221;off&#8221;][\/et_pb_contact_field][et_pb_contact_field field_id=&#8221;Message&#8221; field_title=&#8221;Message&#8221; field_type=&#8221;text&#8221; _builder_version=&#8221;4.16&#8243; global_colors_info=&#8221;{}&#8221; button_text_size__hover_enabled=&#8221;off&#8221; button_one_text_size__hover_enabled=&#8221;off&#8221; button_two_text_size__hover_enabled=&#8221;off&#8221; button_text_color__hover_enabled=&#8221;off&#8221; button_one_text_color__hover_enabled=&#8221;off&#8221; button_two_text_color__hover_enabled=&#8221;off&#8221; button_border_width__hover_enabled=&#8221;off&#8221; button_one_border_width__hover_enabled=&#8221;off&#8221; button_two_border_width__hover_enabled=&#8221;off&#8221; button_border_color__hover_enabled=&#8221;off&#8221; button_one_border_color__hover_enabled=&#8221;off&#8221; button_two_border_color__hover_enabled=&#8221;off&#8221; button_border_radius__hover_enabled=&#8221;off&#8221; button_one_border_radius__hover_enabled=&#8221;off&#8221; button_two_border_radius__hover_enabled=&#8221;off&#8221; button_letter_spacing__hover_enabled=&#8221;off&#8221; button_one_letter_spacing__hover_enabled=&#8221;off&#8221; button_two_letter_spacing__hover_enabled=&#8221;off&#8221; button_bg_color__hover_enabled=&#8221;off&#8221; button_one_bg_color__hover_enabled=&#8221;off&#8221; button_two_bg_color__hover_enabled=&#8221;off&#8221;][\/et_pb_contact_field][\/et_pb_contact_form][\/et_pb_column][\/et_pb_row][et_pb_row disabled_on=&#8221;on|on|on&#8221; admin_label=&#8221;row&#8221; _builder_version=&#8221;4.16&#8243; background_size=&#8221;initial&#8221; background_position=&#8221;top_left&#8221; background_repeat=&#8221;repeat&#8221; disabled=&#8221;on&#8221; global_colors_info=&#8221;{}&#8221;][et_pb_column type=&#8221;4_4&#8243; _builder_version=&#8221;4.16&#8243; custom_padding=&#8221;|||&#8221; global_colors_info=&#8221;{}&#8221; custom_padding__hover=&#8221;|||&#8221;][et_pb_text admin_label=&#8221;Text&#8221; _builder_version=&#8221;4.21.0&#8243; background_size=&#8221;initial&#8221; background_position=&#8221;top_left&#8221; background_repeat=&#8221;repeat&#8221; use_border_color=&#8221;off&#8221; border_color=&#8221;#ffffff&#8221; border_style=&#8221;solid&#8221; global_colors_info=&#8221;{}&#8221;]<\/p>\n<h2>TRABAJA CON NOSOTROS<\/h2>\n<h5>Si eres conductor profesional y deseas trabajar en RRC, por favor completa el siguiente formulario. <span style=\"color: #99cc00;\"><strong><a href=\"https:\/\/docs.google.com\/forms\/d\/e\/1FAIpQLSfX01TbcEU1pSEB54BX_C0wuPwehTrWyGOaZuEaSHUYscvbpg\/viewform\" target=\"_blank\" rel=\"noopener\" style=\"color: #99cc00;\">Link Formulario.<\/a><\/strong><\/span><\/h5>\n<p>[\/et_pb_text][\/et_pb_column][\/et_pb_row][\/et_pb_section][et_pb_section fb_built=&#8221;1&#8243; inner_shadow=&#8221;on&#8221; custom_padding_last_edited=&#8221;on|desktop&#8221; admin_label=&#8221;Section&#8221; _builder_version=&#8221;4.16&#8243; background_color=&#8221;#f2f2f2&#8243; custom_padding_tablet=&#8221;50px|0|50px|0&#8243; custom_padding_phone=&#8221;50px|0|50px|0&#8243; transparent_background=&#8221;off&#8221; padding_mobile=&#8221;off&#8221; make_fullwidth=&#8221;off&#8221; use_custom_width=&#8221;off&#8221; width_unit=&#8221;on&#8221; global_colors_info=&#8221;{}&#8221;][et_pb_row admin_label=&#8221;row&#8221; _builder_version=&#8221;4.16&#8243; background_size=&#8221;initial&#8221; background_position=&#8221;top_left&#8221; background_repeat=&#8221;repeat&#8221; global_colors_info=&#8221;{}&#8221;][et_pb_column type=&#8221;4_4&#8243; _builder_version=&#8221;4.16&#8243; custom_padding=&#8221;|||&#8221; global_colors_info=&#8221;{}&#8221; custom_padding__hover=&#8221;|||&#8221;][et_pb_text admin_label=&#8221;Text&#8221; _builder_version=&#8221;4.16&#8243; background_size=&#8221;initial&#8221; background_position=&#8221;top_left&#8221; background_repeat=&#8221;repeat&#8221; text_orientation=&#8221;center&#8221; module_alignment=&#8221;center&#8221; use_border_color=&#8221;off&#8221; border_color=&#8221;#ffffff&#8221; border_style=&#8221;solid&#8221; global_colors_info=&#8221;{}&#8221;]<\/p>\n<h2>DONDE ENCONTRARNOS<\/h2>\n<hr \/>\n<p>&nbsp;<br \/>\n[\/et_pb_text][\/et_pb_column][\/et_pb_row][et_pb_row column_structure=&#8221;1_3,1_3,1_3&#8243; admin_label=&#8221;Row&#8221; _builder_version=&#8221;4.16&#8243; background_size=&#8221;initial&#8221; background_position=&#8221;top_left&#8221; background_repeat=&#8221;repeat&#8221; global_colors_info=&#8221;{}&#8221;][et_pb_column type=&#8221;1_3&#8243; _builder_version=&#8221;4.16&#8243; custom_padding=&#8221;|||&#8221; global_colors_info=&#8221;{}&#8221; custom_padding__hover=&#8221;|||&#8221;][et_pb_text admin_label=&#8221;Text&#8221; _builder_version=&#8221;4.16&#8243; background_size=&#8221;initial&#8221; background_position=&#8221;top_left&#8221; background_repeat=&#8221;repeat&#8221; text_orientation=&#8221;center&#8221; module_alignment=&#8221;center&#8221; use_border_color=&#8221;off&#8221; border_color=&#8221;#ffffff&#8221; border_style=&#8221;solid&#8221; global_colors_info=&#8221;{}&#8221;]<\/p>\n<h4>OFICINA COMERCIAL<\/h4>\n<p>&nbsp;<\/p>\n<p>Las oficinas principales de RRC est\u00e1n situadas en el \u00e1rea metropolitana de Santiago, Chile. Desde aqu\u00ed\u00a0se llevan a cabo todas las actividades comerciales y estrat\u00e9gicas.<br \/>\n[\/et_pb_text][et_pb_map zoom_level=&#8221;15&#8243; address_lat=&#8221;-33.38697300615686&#8243; address_lng=&#8221;-70.53883849940564&#8243; admin_label=&#8221;Map&#8221; _builder_version=&#8221;4.23.1&#8243; hover_enabled=&#8221;0&#8243; global_colors_info=&#8221;{}&#8221; address=&#8221;las condes 9798, santiago,chile&#8221; sticky_enabled=&#8221;0&#8243;][et_pb_map_pin title=&#8221;OFICINAS&#8221; pin_address=&#8221;Av. Las Condes 9798, Las Condes, Las Condes, Regi\u00f3n Metropolitana, Chile&#8221; pin_address_lat=&#8221;-33.3870052&#8243; pin_address_lng=&#8221;-70.53871779999997&#8243; _builder_version=&#8221;3.0.47&#8243; global_colors_info=&#8221;{}&#8221;] [\/et_pb_map_pin][\/et_pb_map][et_pb_text admin_label=&#8221;Text&#8221; _builder_version=&#8221;4.21.0&#8243; background_size=&#8221;initial&#8221; background_position=&#8221;top_left&#8221; background_repeat=&#8221;repeat&#8221; use_border_color=&#8221;off&#8221; border_color=&#8221;#ffffff&#8221; border_style=&#8221;solid&#8221; global_colors_info=&#8221;{}&#8221;]<\/p>\n<p><span style=\"color: #999999;\"><img loading=\"lazy\" decoding=\"async\" class=\"alignleft wp-image-712\" src=\"https:\/\/rrcworldgroup.com\/wp-content\/uploads\/2016\/04\/app_type_real_state_512px_GREY.png\" alt=\"app_type_real_state_512px_GREY\" width=\"20\" height=\"20\" \/><\/span><span style=\"color: #999999;\">Av. Las Condes 9798, Of. 401<\/span><\/p>\n<p style=\"padding-left: 30px;\"><span style=\"color: #999999;\">Las Condes,\u00a0<\/span><span style=\"color: #999999;\">Santiago RM, Chile<\/span><\/p>\n<p><span style=\"color: #999999;\"><img loading=\"lazy\" decoding=\"async\" class=\"alignleft wp-image-713\" src=\"https:\/\/rrcworldgroup.com\/wp-content\/uploads\/2016\/04\/phone-grey-150x150.png\" alt=\"phone-grey\" width=\"15\" height=\"15\" \/><span>+56 9 8548 4745<\/span><br \/><\/span><\/p>\n<p>[\/et_pb_text][\/et_pb_column][et_pb_column type=&#8221;1_3&#8243; _builder_version=&#8221;4.16&#8243; custom_padding=&#8221;|||&#8221; global_colors_info=&#8221;{}&#8221; custom_padding__hover=&#8221;|||&#8221;][et_pb_text admin_label=&#8221;Text&#8221; _builder_version=&#8221;4.16&#8243; background_size=&#8221;initial&#8221; background_position=&#8221;top_left&#8221; background_repeat=&#8221;repeat&#8221; text_orientation=&#8221;center&#8221; module_alignment=&#8221;center&#8221; use_border_color=&#8221;off&#8221; border_color=&#8221;#ffffff&#8221; border_style=&#8221;solid&#8221; global_colors_info=&#8221;{}&#8221;]<\/p>\n<h4>BASE DE OPERACIONES SANTIAGO<\/h4>\n<p>&nbsp;<\/p>\n<p>La base de operaciones en Santiago es nuestro centro log\u00edstico m\u00e1s importante en Chile y es desde donde se manejan todas las operaciones del lado chileno.<br \/>\n[\/et_pb_text][et_pb_map address=&#8221;Lo Pinto, Chicureo, Colina, Regi\u00f3n Metropolitana, Chile&#8221; zoom_level=&#8221;15&#8243; address_lat=&#8221;-33.24133895218422&#8243; address_lng=&#8221;-70.7001760156387&#8243; admin_label=&#8221;Map&#8221; _builder_version=&#8221;4.16&#8243; hover_enabled=&#8221;0&#8243; global_colors_info=&#8221;{}&#8221; sticky_enabled=&#8221;0&#8243;][et_pb_map_pin title=&#8221;BASE DE OPERACIONES SANTIAGO&#8221; pin_address=&#8221;Lo Pinto, Chicureo, Colina, Regi\u00f3n Metropolitana, Chile&#8221; pin_address_lat=&#8221;-33.24145504373849&#8243; pin_address_lng=&#8221;-70.70112551762998&#8243; _builder_version=&#8221;3.0.47&#8243; global_colors_info=&#8221;{}&#8221;] [\/et_pb_map_pin][\/et_pb_map][et_pb_text admin_label=&#8221;Text&#8221; _builder_version=&#8221;4.23.1&#8243; background_size=&#8221;initial&#8221; background_position=&#8221;top_left&#8221; background_repeat=&#8221;repeat&#8221; use_border_color=&#8221;off&#8221; border_color=&#8221;#ffffff&#8221; border_style=&#8221;solid&#8221; global_colors_info=&#8221;{}&#8221;]<\/p>\n<p><span style=\"color: #999999; font-size: 14px;\">Lo Pinto Parcela 25, Lote 8<\/span><span style=\"color: #999999;\"><img loading=\"lazy\" decoding=\"async\" class=\"wp-image-712 alignleft\" src=\"https:\/\/rrcworldgroup.com\/wp-content\/uploads\/2016\/04\/app_type_real_state_512px_GREY.png\" alt=\"app_type_real_state_512px_GREY\" width=\"20\" height=\"20\" \/><\/span><\/p>\n<p style=\"padding-left: 30px;\"><span style=\"color: #999999;\">Colina,\u00a0<\/span><span style=\"color: #999999;\">Santiago RM, Chile<\/span><\/p>\n<p><span style=\"color: #999999;\"><img loading=\"lazy\" decoding=\"async\" class=\"wp-image-713 alignleft\" src=\"https:\/\/rrcworldgroup.com\/wp-content\/uploads\/2016\/04\/phone-grey-150x150.png\" alt=\"phone-grey\" width=\"15\" height=\"19\" srcset=\"https:\/\/rrcworldgroup.com\/wp-content\/uploads\/2016\/04\/phone-grey-232x300.png 232w, https:\/\/rrcworldgroup.com\/wp-content\/uploads\/2016\/04\/phone-grey.png 512w\" sizes=\"auto, (max-width: 15px) 100vw, 15px\" \/><span>Operaciones:\u00a0 +56 9 8548 4745<\/span><br \/><\/span><\/p>\n<p><span style=\"color: #999999;\"><span><\/span><\/span><\/p>\n<p><span style=\"color: #999999;\"><span><img loading=\"lazy\" decoding=\"async\" class=\"wp-image-713 alignleft\" src=\"https:\/\/rrcworldgroup.com\/wp-content\/uploads\/2016\/04\/phone-grey-150x150.png\" alt=\"phone-grey\" width=\"15\" height=\"19\" srcset=\"https:\/\/rrcworldgroup.com\/wp-content\/uploads\/2016\/04\/phone-grey-232x300.png 232w, https:\/\/rrcworldgroup.com\/wp-content\/uploads\/2016\/04\/phone-grey.png 512w\" sizes=\"auto, (max-width: 15px) 100vw, 15px\" \/>Administraci\u00f3n: +56 9 6334 4815\u00a0<\/span><\/span><\/p>\n<p><span style=\"color: #999999;\"><span><\/span><\/span><\/p>\n<p><span style=\"color: #999999;\"><span><img loading=\"lazy\" decoding=\"async\" class=\"wp-image-713 alignleft\" src=\"https:\/\/rrcworldgroup.com\/wp-content\/uploads\/2016\/04\/phone-grey-150x150.png\" alt=\"phone-grey\" width=\"15\" height=\"19\" srcset=\"https:\/\/rrcworldgroup.com\/wp-content\/uploads\/2016\/04\/phone-grey-232x300.png 232w, https:\/\/rrcworldgroup.com\/wp-content\/uploads\/2016\/04\/phone-grey.png 512w\" sizes=\"auto, (max-width: 15px) 100vw, 15px\" \/>RRHH: +56 9 7497 3898<br \/><\/span><\/span><\/p>\n<p><span style=\"color: #999999;\"><span><\/span><\/span><\/p>\n<p><span style=\"color: #999999;\"><span><img loading=\"lazy\" decoding=\"async\" class=\"wp-image-713 alignleft\" src=\"https:\/\/rrcworldgroup.com\/wp-content\/uploads\/2016\/04\/phone-grey-150x150.png\" alt=\"phone-grey\" width=\"15\" height=\"19\" srcset=\"https:\/\/rrcworldgroup.com\/wp-content\/uploads\/2016\/04\/phone-grey-232x300.png 232w, https:\/\/rrcworldgroup.com\/wp-content\/uploads\/2016\/04\/phone-grey.png 512w\" sizes=\"auto, (max-width: 15px) 100vw, 15px\" \/>Comercial: +56 9 8548 4745<\/span><\/span><\/p>\n<p>[\/et_pb_text][\/et_pb_column][et_pb_column type=&#8221;1_3&#8243; _builder_version=&#8221;4.16&#8243; custom_padding=&#8221;|||&#8221; global_colors_info=&#8221;{}&#8221; custom_padding__hover=&#8221;|||&#8221;][et_pb_text admin_label=&#8221;Text&#8221; _builder_version=&#8221;4.16&#8243; background_size=&#8221;initial&#8221; background_position=&#8221;top_left&#8221; background_repeat=&#8221;repeat&#8221; text_orientation=&#8221;center&#8221; module_alignment=&#8221;center&#8221; use_border_color=&#8221;off&#8221; border_color=&#8221;#ffffff&#8221; border_style=&#8221;solid&#8221; global_colors_info=&#8221;{}&#8221;]<\/p>\n<h4>BASE DE OPERACIONES MENDOZA<\/h4>\n<p>&nbsp;<\/p>\n<p>La base de operaciones en Mendoza es nuestro centro de log\u00edstica m\u00e1s importante en Argentina y es responsable de supervisar todas las operaciones en el lado argentino.<br \/>\n[\/et_pb_text][et_pb_map address=&#8221;G\u00f3mez Adriano 3390, Mendoza, Argentina&#8221; zoom_level=&#8221;15&#8243; address_lat=&#8221;-32.964332848246904&#8243; address_lng=&#8221;-68.74609256462634&#8243; admin_label=&#8221;Map&#8221; _builder_version=&#8221;4.16&#8243; global_colors_info=&#8221;{}&#8221;][et_pb_map_pin title=&#8221;BASE DE OPERACIONES MENDOZA&#8221; pin_address=&#8221;G\u00f3mez Adriano 3390, Mendoza, Argentina&#8221; pin_address_lat=&#8221;-32.96497960364595&#8243; pin_address_lng=&#8221;-68.74442522849733&#8243; _builder_version=&#8221;3.0.47&#8243; global_colors_info=&#8221;{}&#8221;] [\/et_pb_map_pin][\/et_pb_map][et_pb_text admin_label=&#8221;Text&#8221; _builder_version=&#8221;4.16&#8243; background_size=&#8221;initial&#8221; background_position=&#8221;top_left&#8221; background_repeat=&#8221;repeat&#8221; use_border_color=&#8221;off&#8221; border_color=&#8221;#ffffff&#8221; border_style=&#8221;solid&#8221; global_colors_info=&#8221;{}&#8221;]<span style=\"color: #999999;\"><img loading=\"lazy\" decoding=\"async\" class=\"alignleft wp-image-712\" src=\"https:\/\/rrcworldgroup.com\/wp-content\/uploads\/2016\/04\/app_type_real_state_512px_GREY.png\" alt=\"app_type_real_state_512px_GREY\" width=\"20\" height=\"20\" \/>G\u00f3mez Adriano 3390<\/span><\/p>\n<p style=\"padding-left: 30px;\"><span style=\"color: #999999;\">Maip\u00fa,\u00a0<\/span><span style=\"color: #999999;\">Mendoza, Argentina<\/span><\/p>\n<p><span style=\"color: #999999;\"><img loading=\"lazy\" decoding=\"async\" class=\"alignleft wp-image-713\" src=\"https:\/\/rrcworldgroup.com\/wp-content\/uploads\/2016\/04\/phone-grey-150x150.png\" alt=\"phone-grey\" width=\"15\" height=\"19\" srcset=\"https:\/\/rrcworldgroup.com\/wp-content\/uploads\/2016\/04\/phone-grey-232x300.png 232w, https:\/\/rrcworldgroup.com\/wp-content\/uploads\/2016\/04\/phone-grey.png 512w\" sizes=\"auto, (max-width: 15px) 100vw, 15px\" \/>+54 9 261 390 1520<\/span><br \/>\n[\/et_pb_text][\/et_pb_column][\/et_pb_row][\/et_pb_section]<\/p>\n","protected":false},"excerpt":{"rendered":"<p>CONTACTE CON NOSOTROS &nbsp; Si desea contratar nuestros servicios, por favor complete el siguiente formulario y lo atenderemos a la brevedad. TRABAJA CON NOSOTROS Si eres conductor profesional y deseas trabajar en RRC, por favor completa el siguiente formulario. Link Formulario.DONDE ENCONTRARNOS &nbsp; OFICINA COMERCIAL &nbsp; Las oficinas principales de RRC est\u00e1n situadas en el [&hellip;]<\/p>\n","protected":false},"author":1,"featured_media":0,"parent":0,"menu_order":4,"comment_status":"closed","ping_status":"closed","template":"","meta":{"_et_pb_use_builder":"on","_et_pb_old_content":"","_et_gb_content_width":"","footnotes":""},"class_list":["post-259","page","type-page","status-publish","hentry"],"_links":{"self":[{"href":"https:\/\/rrcworldgroup.com\/index.php?rest_route=\/wp\/v2\/pages\/259","targetHints":{"allow":["GET"]}}],"collection":[{"href":"https:\/\/rrcworldgroup.com\/index.php?rest_route=\/wp\/v2\/pages"}],"about":[{"href":"https:\/\/rrcworldgroup.com\/index.php?rest_route=\/wp\/v2\/types\/page"}],"author":[{"embeddable":true,"href":"https:\/\/rrcworldgroup.com\/index.php?rest_route=\/wp\/v2\/users\/1"}],"replies":[{"embeddable":true,"href":"https:\/\/rrcworldgroup.com\/index.php?rest_route=%2Fwp%2Fv2%2Fcomments&post=259"}],"version-history":[{"count":9,"href":"https:\/\/rrcworldgroup.com\/index.php?rest_route=\/wp\/v2\/pages\/259\/revisions"}],"predecessor-version":[{"id":1113,"href":"https:\/\/rrcworldgroup.com\/index.php?rest_route=\/wp\/v2\/pages\/259\/revisions\/1113"}],"wp:attachment":[{"href":"https:\/\/rrcworldgroup.com\/index.php?rest_route=%2Fwp%2Fv2%2Fmedia&parent=259"}],"curies":[{"name":"wp","href":"https:\/\/api.w.org\/{rel}","templated":true}]}}